{"id":22498,"date":"2025-10-13T12:28:51","date_gmt":"2025-10-13T10:28:51","guid":{"rendered":"https:\/\/modididire.org\/?page_id=22498"},"modified":"2025-10-13T13:29:59","modified_gmt":"2025-10-13T11:29:59","slug":"gruppi-educativi-pomeridiani","status":"publish","type":"page","link":"https:\/\/modididire.org\/index.php\/gruppi-educativi-pomeridiani\/","title":{"rendered":"Modi di Dire Chill School"},"content":{"rendered":"<div class=\"wpb-content-wrapper\"><p>[vc_row][vc_column][vc_single_image image=&#8221;21521&#8243; img_size=&#8221;medium&#8221; alignment=&#8221;center&#8221; css=&#8221;.vc_custom_1611657056415{margin-top: 0px !important;padding-top: 0px !important;}&#8221;][vc_column_text css=&#8221;&#8221;]<\/p>\n<h1 style=\"text-align: center;\"><span style=\"color: #ff6600;\">Modi di Dire Chill School<br \/>\na.s. 2025-26<\/span><\/h1>\n<p>[\/vc_column_text][vc_column_text css=&#8221;.vc_custom_1760351307931{padding-top: 10px !important;padding-bottom: 10px !important;}&#8221;]<\/p>\n<h1 style=\"text-align: center;\"><span style=\"color: #ff6600;\">2 ore, un pomeriggio a settimana.<br \/>\nGruppi di 3-4 ragazzi<\/span><\/h1>\n<p>[\/vc_column_text][vc_column_text css=&#8221;&#8221;]<\/p>\n<h3 style=\"text-align: center;\">Per Informazioni e Iscrizioni:<\/h3>\n<div class=\"dfd-list-content clearfix dfd-img-lazy-load image-loaded\" style=\"padding: 10px 0px; text-align: center;\">\n<div class=\"dfd-list-icon-block text-center\" style=\"margin-right: 20px; font-size: 18px;\"><span style=\"color: #5ffc7b;\"><strong style=\"font-size: 16px;\">WhatsApp: <\/strong><\/span><a style=\"font-size: 16px;\" href=\"https:\/\/wa.me\/393890909142\">+39 389 090 9142<\/a><\/div>\n<\/div>\n<div class=\"dfd-list-content clearfix \" style=\"padding: 10px 0;\">\n<div class=\"dfd-list-icon-block text-center\" style=\"margin-right: 20px; color: #f15922; font-size: 18px; text-align: center;\"><strong style=\"color: #333333; font-size: 16px;\">Email:&nbsp; <\/strong><a style=\"font-size: 16px;\" href=\"mailto:info@modididire.org\">info@modididire.org<\/a><\/div>\n<\/div>\n<p>[\/vc_column_text][\/vc_column][\/vc_row][vc_row force_equal_height_columns=&#8221;main_row&#8221; css=&#8221;.vc_custom_1606724465807{border-top-width: 2px !important;padding-bottom: 30px !important;border-top-color: #ff0100 !important;border-top-style: solid !important;}&#8221;][vc_column][vc_single_image image=&#8221;21520&#8243; img_size=&#8221;30&#215;30&#8243;][\/vc_column][\/vc_row][vc_row force_equal_height_columns=&#8221;main_row&#8221; dfd_row_config=&#8221;full_width_content_paddings&#8221; mobile_destroy_equal_heights=&#8221;yes&#8221;][vc_column width=&#8221;1\/2&#8243; css=&#8221;.vc_custom_1600072706557{padding-bottom: 30px !important;}&#8221; col_shadow=&#8221;box_shadow_enable:disable|shadow_horizontal:0|shadow_vertical:15|shadow_blur:50|shadow_spread:0|box_shadow_color:rgba(0%2C0%2C0%2C0.35)&#8221; col_shadow_hover=&#8221;box_shadow_enable:disable|shadow_horizontal:0|shadow_vertical:15|shadow_blur:50|shadow_spread:0|box_shadow_color:rgba(0%2C0%2C0%2C0.35)&#8221;][vc_column_text css_animation=&#8221;fadeInUp&#8221; css=&#8221;.vc_custom_1694177409083{padding-bottom: 30px !important;}&#8221;]<\/p>\n<h5><strong>La <span style=\"color: #ff6600;\">Modi di Dire Chill School<\/span> organizza attivit\u00e0 in piccoli gruppi rivolte a bambini con bisogni educativi speciali per sostenere le autonomie personali e la partecipazione ad esperienze sociali sul territorio legate alla quotidianit\u00e0.<\/strong><\/h5>\n<p>[\/vc_column_text][\/vc_column][vc_column width=&#8221;1\/2&#8243; css=&#8221;.vc_custom_1690973863587{padding-top: 123px !important;padding-bottom: 123px !important;background-image: url(https:\/\/modididire.org\/wp-content\/uploads\/2023\/08\/mdd4.jpg?id=22196) !important;background-position: center !important;background-repeat: no-repeat !important;background-size: cover !important;}&#8221; col_shadow=&#8221;box_shadow_enable:disable|shadow_horizontal:0|shadow_vertical:15|shadow_blur:50|shadow_spread:0|box_shadow_color:rgba(0%2C0%2C0%2C0.35)&#8221; col_shadow_hover=&#8221;box_shadow_enable:disable|shadow_horizontal:0|shadow_vertical:15|shadow_blur:50|shadow_spread:0|box_shadow_color:rgba(0%2C0%2C0%2C0.35)&#8221;][\/vc_column][\/vc_row][vc_row][vc_column]<div class=\"dfd-spacer-module\"  data-units=\"px\" data-wide_resolution=\"1280\" data-wide_size=\"30\" data-normal_resolution=\"1024\" data-normal_size=\"30\" data-tablet_resolution=\"800\" data-tablet_size=\"30\" data-mobile_resolution=\"480\" data-mobile_size=\"30\" style=\"height: 30px;\"><\/div>[\/vc_column][\/vc_row][vc_row force_equal_height_columns=&#8221;main_row&#8221; dfd_row_config=&#8221;full_width_content_paddings&#8221; mobile_destroy_equal_heights=&#8221;yes&#8221;][vc_column width=&#8221;1\/2&#8243; css=&#8221;.vc_custom_1620214588375{padding-bottom: 30px !important;}&#8221; col_shadow=&#8221;box_shadow_enable:disable|shadow_horizontal:0|shadow_vertical:15|shadow_blur:50|shadow_spread:0|box_shadow_color:rgba(0%2C0%2C0%2C0.35)&#8221; col_shadow_hover=&#8221;box_shadow_enable:disable|shadow_horizontal:0|shadow_vertical:15|shadow_blur:50|shadow_spread:0|box_shadow_color:rgba(0%2C0%2C0%2C0.35)&#8221;][vc_single_image image=&#8221;22193&#8243; img_size=&#8221;full&#8221; alignment=&#8221;center&#8221;][\/vc_column][vc_column width=&#8221;1\/2&#8243; css=&#8221;.vc_custom_1611666931048{background-position: center !important;background-repeat: no-repeat !important;background-size: cover !important;}&#8221; col_shadow=&#8221;box_shadow_enable:disable|shadow_horizontal:0|shadow_vertical:15|shadow_blur:50|shadow_spread:0|box_shadow_color:rgba(0%2C0%2C0%2C0.35)&#8221; col_shadow_hover=&#8221;box_shadow_enable:disable|shadow_horizontal:0|shadow_vertical:15|shadow_blur:50|shadow_spread:0|box_shadow_color:rgba(0%2C0%2C0%2C0.35)&#8221;][vc_column_text css_animation=&#8221;fadeInUp&#8221;]<\/p>\n<h5><span style=\"color: #ff6600;\">Modi di Dire Chill School<\/span> vuole essere un centro di riferimento per dare possibilit\u00e0 ai ragazzi con disabilit\u00e0, di incrementare la partecipazione reale alla vita quotidiana e sociale della citt\u00e0, con attivit\u00e0 orientate al territorio di riferimento.<\/h5>\n<p>Obiettivo del progetto <strong>MdD Chill School<\/strong> \u00e8 favorire l\u2019<strong>INCLUSIONE<\/strong> dei ragazzi con disabilit\u00e0, anche grazie all\u2019utilizzo della CAA, cercando di abbattere barriere culturali e sociali. Modi di Dire giocher\u00e0 il ruolo di <strong>PUNTO <\/strong><strong>DI RITROVO<\/strong>, un luogo di partenza, ma anche di arrivo per confrontarsi ed esprimere le emozioni provate per le esperienze vissute. Un ambiente divertente, ludico e conviviale nel quale i ragazzi possano manifestare liberamente le proprie sensazioni.<br \/>\nLo scopo \u00e8 quello di diventare punto di riferimento per i ragazzi e le loro famiglie, un luogo nel quale sentirsi accolti e sicuri nel vivere esperienze per la conquista di autonomie, ciascuno con le proprie possibilit\u00e0 di partecipazione.[\/vc_column_text][\/vc_column][\/vc_row][vc_row force_equal_height_columns=&#8221;main_row&#8221; css=&#8221;.vc_custom_1606724465807{border-top-width: 2px !important;padding-bottom: 30px !important;border-top-color: #ff0100 !important;border-top-style: solid !important;}&#8221;][vc_column][vc_single_image image=&#8221;21520&#8243; img_size=&#8221;30&#215;30&#8243; alignment=&#8221;center&#8221;][\/vc_column][\/vc_row][vc_row force_equal_height_columns=&#8221;main_row&#8221; dfd_row_config=&#8221;full_width_content_paddings&#8221; mobile_destroy_equal_heights=&#8221;yes&#8221; css=&#8221;.vc_custom_1690974106050{padding-bottom: 20px !important;}&#8221;][vc_column width=&#8221;1\/6&#8243;][\/vc_column][vc_column width=&#8221;1\/3&#8243; css=&#8221;.vc_custom_1600072706557{padding-bottom: 30px !important;}&#8221; col_shadow=&#8221;box_shadow_enable:disable|shadow_horizontal:0|shadow_vertical:15|shadow_blur:50|shadow_spread:0|box_shadow_color:rgba(0%2C0%2C0%2C0.35)&#8221; col_shadow_hover=&#8221;box_shadow_enable:disable|shadow_horizontal:0|shadow_vertical:15|shadow_blur:50|shadow_spread:0|box_shadow_color:rgba(0%2C0%2C0%2C0.35)&#8221;][vc_column_text css_animation=&#8221;fadeInUp&#8221; css=&#8221;.vc_custom_1694171003389{padding-bottom: 30px !important;}&#8221;]<\/p>\n<h3 class=\"gmail_default\"><span style=\"color: #ff6600;\">Le attivit\u00e0 della MdD Chill School:<\/span><\/h3>\n<p>[\/vc_column_text][vc_column_text css_animation=&#8221;fadeInUp&#8221; css=&#8221;.vc_custom_1694171043087{padding-bottom: 30px !important;}&#8221;]<\/p>\n<div class=\"gmail_default\"><\/div>\n<ul>\n<li class=\"gmail_default\"><strong>Merende al Bar<\/strong><\/li>\n<li class=\"gmail_default\"><strong>Aperitivi nei Locali<\/strong><\/li>\n<li class=\"gmail_default\"><strong>Spesa nei Centri Commerciali<\/strong><\/li>\n<li class=\"gmail_default\"><strong>Cinema e Teatro<\/strong><\/li>\n<li class=\"gmail_default\"><strong>Piscina nei Mesi pi\u00f9 Caldi<\/strong><\/li>\n<li class=\"gmail_default\"><strong>Giardinaggio<\/strong><\/li>\n<li class=\"gmail_default\"><strong>Sport<\/strong><\/li>\n<li class=\"gmail_default\"><strong>Biblioteca<\/strong><\/li>\n<li class=\"gmail_default\"><strong>Negozi<\/strong><\/li>\n<li class=\"gmail_default\"><strong>Gite Culturali con l&#8217;esperienza dei mezzi pubblici (Firenze e Pistoia)<\/strong><\/li>\n<\/ul>\n<p>[\/vc_column_text][\/vc_column][vc_column width=&#8221;1\/3&#8243;][vc_single_image image=&#8221;22197&#8243; img_size=&#8221;full&#8221; alignment=&#8221;center&#8221;][\/vc_column][vc_column width=&#8221;1\/6&#8243;][\/vc_column][\/vc_row]<\/p>\n<\/div>","protected":false},"excerpt":{"rendered":"<p>[vc_row][vc_column][vc_single_image image=&#8221;21521&#8243; img_size=&#8221;medium&#8221; alignment=&#8221;center&#8221; css=&#8221;.vc_custom_1611657056415{margin-top: 0px !important;padding-top: 0px !important;}&#8221;][vc_column_text css=&#8221;&#8221;] Modi di Dire Chill School a.s. 2025-26 [\/vc_column_text][vc_column_text css=&#8221;.vc_custom_1760351307931{padding-top: 10px !important;padding-bottom: 10px !important;}&#8221;] 2 ore, un pomeriggio a settimana. Gruppi<\/p>\n","protected":false},"author":1,"featured_media":0,"parent":0,"menu_order":0,"comment_status":"closed","ping_status":"closed","template":"page-custom-with-header.php","meta":{"footnotes":""},"class_list":["post-22498","page","type-page","status-publish","hentry"],"yoast_head":"<!-- This site is optimized with the Yoast SEO plugin v27.5 - https:\/\/yoast.com\/product\/yoast-seo-wordpress\/ -->\n<title>Gruppi Educativi Pomeridiani - Modi di Dire Fondazione<\/title>\n<meta name=\"description\" content=\"Donando il 5\u00d71000 alla Fondazione Modi di Dire, grazie alla tua firma aiuterai tanti bambini a trovare la propria modalit\u00e0 per comunicare con gli altri.\" \/>\n<meta name=\"robots\" content=\"index, follow, max-snippet:-1, max-image-preview:large, max-video-preview:-1\" \/>\n<link rel=\"canonical\" href=\"https:\/\/modididire.org\/index.php\/gruppi-educativi-pomeridiani\/\" \/>\n<meta property=\"og:locale\" content=\"it_IT\" \/>\n<meta property=\"og:type\" content=\"article\" \/>\n<meta property=\"og:title\" content=\"Gruppi Educativi Pomeridiani - Modi di Dire Fondazione\" \/>\n<meta property=\"og:description\" content=\"Donando il 5\u00d71000 alla Fondazione Modi di Dire, grazie alla tua firma aiuterai tanti bambini a trovare la propria modalit\u00e0 per comunicare con gli altri.\" \/>\n<meta property=\"og:url\" content=\"https:\/\/modididire.org\/index.php\/gruppi-educativi-pomeridiani\/\" \/>\n<meta property=\"og:site_name\" content=\"Modi di Dire\" \/>\n<meta property=\"article:publisher\" content=\"https:\/\/www.facebook.com\/modididireprato\/\" \/>\n<meta property=\"article:modified_time\" content=\"2025-10-13T11:29:59+00:00\" \/>\n<meta name=\"twitter:card\" content=\"summary_large_image\" \/>\n<meta name=\"twitter:label1\" content=\"Tempo di lettura stimato\" \/>\n\t<meta name=\"twitter:data1\" content=\"4 minuti\" \/>\n<script type=\"application\/ld+json\" class=\"yoast-schema-graph\">{\"@context\":\"https:\\\/\\\/schema.org\",\"@graph\":[{\"@type\":\"WebPage\",\"@id\":\"https:\\\/\\\/modididire.org\\\/index.php\\\/gruppi-educativi-pomeridiani\\\/\",\"url\":\"https:\\\/\\\/modididire.org\\\/index.php\\\/gruppi-educativi-pomeridiani\\\/\",\"name\":\"Gruppi Educativi Pomeridiani - Modi di Dire Fondazione\",\"isPartOf\":{\"@id\":\"https:\\\/\\\/modididire.org\\\/#website\"},\"datePublished\":\"2025-10-13T10:28:51+00:00\",\"dateModified\":\"2025-10-13T11:29:59+00:00\",\"description\":\"Donando il 5\u00d71000 alla Fondazione Modi di Dire, grazie alla tua firma aiuterai tanti bambini a trovare la propria modalit\u00e0 per comunicare con gli altri.\",\"breadcrumb\":{\"@id\":\"https:\\\/\\\/modididire.org\\\/index.php\\\/gruppi-educativi-pomeridiani\\\/#breadcrumb\"},\"inLanguage\":\"it-IT\",\"potentialAction\":[{\"@type\":\"ReadAction\",\"target\":[\"https:\\\/\\\/modididire.org\\\/index.php\\\/gruppi-educativi-pomeridiani\\\/\"]}]},{\"@type\":\"BreadcrumbList\",\"@id\":\"https:\\\/\\\/modididire.org\\\/index.php\\\/gruppi-educativi-pomeridiani\\\/#breadcrumb\",\"itemListElement\":[{\"@type\":\"ListItem\",\"position\":1,\"name\":\"Home\",\"item\":\"https:\\\/\\\/modididire.org\\\/\"},{\"@type\":\"ListItem\",\"position\":2,\"name\":\"Modi di Dire Chill School\"}]},{\"@type\":\"WebSite\",\"@id\":\"https:\\\/\\\/modididire.org\\\/#website\",\"url\":\"https:\\\/\\\/modididire.org\\\/\",\"name\":\"Modi di Dire\",\"description\":\"Fondazione Ets\",\"publisher\":{\"@id\":\"https:\\\/\\\/modididire.org\\\/#organization\"},\"potentialAction\":[{\"@type\":\"SearchAction\",\"target\":{\"@type\":\"EntryPoint\",\"urlTemplate\":\"https:\\\/\\\/modididire.org\\\/?s={search_term_string}\"},\"query-input\":{\"@type\":\"PropertyValueSpecification\",\"valueRequired\":true,\"valueName\":\"search_term_string\"}}],\"inLanguage\":\"it-IT\"},{\"@type\":\"Organization\",\"@id\":\"https:\\\/\\\/modididire.org\\\/#organization\",\"name\":\"Modi di dire\",\"url\":\"https:\\\/\\\/modididire.org\\\/\",\"logo\":{\"@type\":\"ImageObject\",\"inLanguage\":\"it-IT\",\"@id\":\"https:\\\/\\\/modididire.org\\\/#\\\/schema\\\/logo\\\/image\\\/\",\"url\":\"https:\\\/\\\/modididire.org\\\/wp-content\\\/uploads\\\/2019\\\/12\\\/logoOK.png\",\"contentUrl\":\"https:\\\/\\\/modididire.org\\\/wp-content\\\/uploads\\\/2019\\\/12\\\/logoOK.png\",\"width\":500,\"height\":74,\"caption\":\"Modi di dire\"},\"image\":{\"@id\":\"https:\\\/\\\/modididire.org\\\/#\\\/schema\\\/logo\\\/image\\\/\"},\"sameAs\":[\"https:\\\/\\\/www.facebook.com\\\/modididireprato\\\/\",\"https:\\\/\\\/www.youtube.com\\\/channel\\\/UCQaZ45BhVaqBSfLs8SNGvjw\"]}]}<\/script>\n<!-- \/ Yoast SEO plugin. -->","yoast_head_json":{"title":"Gruppi Educativi Pomeridiani - Modi di Dire Fondazione","description":"Donando il 5\u00d71000 alla Fondazione Modi di Dire, grazie alla tua firma aiuterai tanti bambini a trovare la propria modalit\u00e0 per comunicare con gli altri.","robots":{"index":"index","follow":"follow","max-snippet":"max-snippet:-1","max-image-preview":"max-image-preview:large","max-video-preview":"max-video-preview:-1"},"canonical":"https:\/\/modididire.org\/index.php\/gruppi-educativi-pomeridiani\/","og_locale":"it_IT","og_type":"article","og_title":"Gruppi Educativi Pomeridiani - Modi di Dire Fondazione","og_description":"Donando il 5\u00d71000 alla Fondazione Modi di Dire, grazie alla tua firma aiuterai tanti bambini a trovare la propria modalit\u00e0 per comunicare con gli altri.","og_url":"https:\/\/modididire.org\/index.php\/gruppi-educativi-pomeridiani\/","og_site_name":"Modi di Dire","article_publisher":"https:\/\/www.facebook.com\/modididireprato\/","article_modified_time":"2025-10-13T11:29:59+00:00","twitter_card":"summary_large_image","twitter_misc":{"Tempo di lettura stimato":"4 minuti"},"schema":{"@context":"https:\/\/schema.org","@graph":[{"@type":"WebPage","@id":"https:\/\/modididire.org\/index.php\/gruppi-educativi-pomeridiani\/","url":"https:\/\/modididire.org\/index.php\/gruppi-educativi-pomeridiani\/","name":"Gruppi Educativi Pomeridiani - Modi di Dire Fondazione","isPartOf":{"@id":"https:\/\/modididire.org\/#website"},"datePublished":"2025-10-13T10:28:51+00:00","dateModified":"2025-10-13T11:29:59+00:00","description":"Donando il 5\u00d71000 alla Fondazione Modi di Dire, grazie alla tua firma aiuterai tanti bambini a trovare la propria modalit\u00e0 per comunicare con gli altri.","breadcrumb":{"@id":"https:\/\/modididire.org\/index.php\/gruppi-educativi-pomeridiani\/#breadcrumb"},"inLanguage":"it-IT","potentialAction":[{"@type":"ReadAction","target":["https:\/\/modididire.org\/index.php\/gruppi-educativi-pomeridiani\/"]}]},{"@type":"BreadcrumbList","@id":"https:\/\/modididire.org\/index.php\/gruppi-educativi-pomeridiani\/#breadcrumb","itemListElement":[{"@type":"ListItem","position":1,"name":"Home","item":"https:\/\/modididire.org\/"},{"@type":"ListItem","position":2,"name":"Modi di Dire Chill School"}]},{"@type":"WebSite","@id":"https:\/\/modididire.org\/#website","url":"https:\/\/modididire.org\/","name":"Modi di Dire","description":"Fondazione Ets","publisher":{"@id":"https:\/\/modididire.org\/#organization"},"potentialAction":[{"@type":"SearchAction","target":{"@type":"EntryPoint","urlTemplate":"https:\/\/modididire.org\/?s={search_term_string}"},"query-input":{"@type":"PropertyValueSpecification","valueRequired":true,"valueName":"search_term_string"}}],"inLanguage":"it-IT"},{"@type":"Organization","@id":"https:\/\/modididire.org\/#organization","name":"Modi di dire","url":"https:\/\/modididire.org\/","logo":{"@type":"ImageObject","inLanguage":"it-IT","@id":"https:\/\/modididire.org\/#\/schema\/logo\/image\/","url":"https:\/\/modididire.org\/wp-content\/uploads\/2019\/12\/logoOK.png","contentUrl":"https:\/\/modididire.org\/wp-content\/uploads\/2019\/12\/logoOK.png","width":500,"height":74,"caption":"Modi di dire"},"image":{"@id":"https:\/\/modididire.org\/#\/schema\/logo\/image\/"},"sameAs":["https:\/\/www.facebook.com\/modididireprato\/","https:\/\/www.youtube.com\/channel\/UCQaZ45BhVaqBSfLs8SNGvjw"]}]}},"_links":{"self":[{"href":"https:\/\/modididire.org\/index.php\/wp-json\/wp\/v2\/pages\/22498","targetHints":{"allow":["GET"]}}],"collection":[{"href":"https:\/\/modididire.org\/index.php\/wp-json\/wp\/v2\/pages"}],"about":[{"href":"https:\/\/modididire.org\/index.php\/wp-json\/wp\/v2\/types\/page"}],"author":[{"embeddable":true,"href":"https:\/\/modididire.org\/index.php\/wp-json\/wp\/v2\/users\/1"}],"replies":[{"embeddable":true,"href":"https:\/\/modididire.org\/index.php\/wp-json\/wp\/v2\/comments?post=22498"}],"version-history":[{"count":6,"href":"https:\/\/modididire.org\/index.php\/wp-json\/wp\/v2\/pages\/22498\/revisions"}],"predecessor-version":[{"id":22512,"href":"https:\/\/modididire.org\/index.php\/wp-json\/wp\/v2\/pages\/22498\/revisions\/22512"}],"wp:attachment":[{"href":"https:\/\/modididire.org\/index.php\/wp-json\/wp\/v2\/media?parent=22498"}],"curies":[{"name":"wp","href":"https:\/\/api.w.org\/{rel}","templated":true}]}}